{"id":643,"date":"2018-05-23T12:54:59","date_gmt":"2018-05-23T10:54:59","guid":{"rendered":"http:\/\/themebubble.com\/demo\/adios\/?page_id=643"},"modified":"2024-09-04T17:37:57","modified_gmt":"2024-09-04T15:37:57","slug":"hp","status":"publish","type":"page","link":"https:\/\/linkaz.com\/","title":{"rendered":"HP"},"content":{"rendered":"<section  class=\"section no\"><div class=\"row\"><div class=\"wpb_column col-md-8 col-lg-offset-2 have-padding\"><div  class=\"empty-space  marg-lg-b180 marg-md-b60 marg-sm-b50 marg-xs-b50\"><\/div><h4  class=\"special-text custom-font-properties-1778065566-1610202100\">Creative Area in progress<\/h4><div  class=\"empty-space  marg-lg-b5\"><\/div><h1  class=\"special-text custom-font-properties-1778065566-1864108063\">&#8220;Mon int\u00e9r\u00eat, placer l\u2019humain au centre\nde la r\u00e9flexion et des d\u00e9cisions, afin que\nchaque nouvel usage soit une\naventure utile qui ait du sens et s\u2019inscrive dans\nle temps&#8221;\n<\/h1><div  class=\"empty-space  marg-lg-b100 marg-md-b60 marg-sm-b5 marg-xs-b5\"><\/div><\/div><\/div><\/section><section  class=\"section full_stretch_row_content fullwidth\"><div class=\"row\"><div class=\"wpb_column col-md-12 have-padding\">\n  <div class=\"content \">\n    <section class=\"section pt-0\">\n      <div class=\"lg-portfolio-wrap\">\n                    <div class=\"row\">\n\n            <div class=\"izotope-container lightgallery lg-portfolio\">\n            <div class=\"grid-sizer\"><\/div>\n                      <div class=\"item zoomIn wh-50 wow zoomIn\" data-wow-delay=\"0.3s\">\n          <div class=\"item-drid-size\">\n            <img width=\"538\" height=\"340\" src=\"https:\/\/linkaz.com\/wp-content\/uploads\/2016\/06\/Free-illus-538x340.jpg\" class=\"resp-img wp-post-image\" alt=\"\" loading=\"lazy\" \/>            <a href=\"https:\/\/linkaz.com\/index.php\/portfolio\/gopro-recorder\/\" class=\"link-wrap item-hov\">\n              <span><\/span>\n              <span><\/span>\n            <\/a>\n          <\/div>\n          <div class=\"album-desc text-center\">\n            <h2 class=\"h2\">\n              <a href=\"https:\/\/linkaz.com\/index.php\/portfolio\/gopro-recorder\/\" target=\"_blank\">Freebank<\/a>\n            <\/h2>\n            <span>Research, UI, UX<\/span>\n          <\/div>\n        <\/div>\n                <div class=\"item zoomIn wh-50 wow zoomIn\" data-wow-delay=\"0.5s\">\n          <div class=\"item-drid-size\">\n            <img width=\"538\" height=\"600\" src=\"https:\/\/linkaz.com\/wp-content\/uploads\/2016\/08\/oonahp-538x600.jpg\" class=\"resp-img wp-post-image\" alt=\"\" loading=\"lazy\" \/>            <a href=\"https:\/\/linkaz.com\/index.php\/portfolio\/aava\/\" class=\"link-wrap item-hov\">\n              <span><\/span>\n              <span><\/span>\n            <\/a>\n          <\/div>\n          <div class=\"album-desc text-center\">\n            <h2 class=\"h2\">\n              <a href=\"https:\/\/linkaz.com\/index.php\/portfolio\/aava\/\" target=\"_blank\">Oona<\/a>\n            <\/h2>\n            <span>Product, Research, UI, UX<\/span>\n          <\/div>\n        <\/div>\n                <div class=\"item zoomIn wh-50 wow zoomIn\" data-wow-delay=\"0.7s\">\n          <div class=\"item-drid-size\">\n            <img width=\"538\" height=\"600\" src=\"https:\/\/linkaz.com\/wp-content\/uploads\/2016\/06\/HP1-538x600.jpg\" class=\"resp-img wp-post-image\" alt=\"\" loading=\"lazy\" \/>            <a href=\"https:\/\/linkaz.com\/index.php\/portfolio\/portfolio-study\/\" class=\"link-wrap item-hov\">\n              <span><\/span>\n              <span><\/span>\n            <\/a>\n          <\/div>\n          <div class=\"album-desc text-center\">\n            <h2 class=\"h2\">\n              <a href=\"https:\/\/linkaz.com\/index.php\/portfolio\/portfolio-study\/\" target=\"_blank\">Airbus<\/a>\n            <\/h2>\n            <span>UI, UX<\/span>\n          <\/div>\n        <\/div>\n                   <\/div>\n          <\/div><!--row-->\n          \n\n      <\/div>\n    <\/section>\n  <\/div>\n<div  class=\"empty-space  marg-lg-b100 marg-md-b60 marg-sm-b5 marg-xs-b5\"><\/div><\/div><\/div><\/section>\n","protected":false},"excerpt":{"rendered":"Participation \u00e0 l'\u00e9laboration du portail keycopter, plateforme en ligne innovante pour acc\u00e9der aux publications techniques. Challenge : rendre cet outil accessible pour tout le personnel ! &nbsp; \u2014 Passer des commandes, des devis, g\u00e9rer les donn\u00e9es de la flotte, les demandes de garantie, recevoir des r\u00e9ponses rapides \u00e0 toutes les questions de support et de [...]","protected":false},"author":1,"featured_media":0,"parent":0,"menu_order":0,"comment_status":"closed","ping_status":"closed","template":"","meta":[],"_links":{"self":[{"href":"https:\/\/linkaz.com\/index.php\/wp-json\/wp\/v2\/pages\/643"}],"collection":[{"href":"https:\/\/linkaz.com\/index.php\/wp-json\/wp\/v2\/pages"}],"about":[{"href":"https:\/\/linkaz.com\/index.php\/wp-json\/wp\/v2\/types\/page"}],"author":[{"embeddable":true,"href":"https:\/\/linkaz.com\/index.php\/wp-json\/wp\/v2\/users\/1"}],"replies":[{"embeddable":true,"href":"https:\/\/linkaz.com\/index.php\/wp-json\/wp\/v2\/comments?post=643"}],"version-history":[{"count":25,"href":"https:\/\/linkaz.com\/index.php\/wp-json\/wp\/v2\/pages\/643\/revisions"}],"predecessor-version":[{"id":1058,"href":"https:\/\/linkaz.com\/index.php\/wp-json\/wp\/v2\/pages\/643\/revisions\/1058"}],"wp:attachment":[{"href":"https:\/\/linkaz.com\/index.php\/wp-json\/wp\/v2\/media?parent=643"}],"curies":[{"name":"wp","href":"https:\/\/api.w.org\/{rel}","templated":true}]}}