{"id":1039,"date":"2024-09-04T16:42:52","date_gmt":"2024-09-04T14:42:52","guid":{"rendered":"http:\/\/linkaz.com\/?page_id=1039"},"modified":"2024-12-02T14:21:48","modified_gmt":"2024-12-02T13:21:48","slug":"use-cases","status":"publish","type":"page","link":"https:\/\/linkaz.com\/index.php\/use-cases\/","title":{"rendered":"Use cases"},"content":{"rendered":"\n<p>Dans cette rubrique vous pourrez trouver diff\u00e9rents use cases r\u00e9alis\u00e9s r\u00e9\u00e7emment<br>&#8211;<br>In this section you&#8217;ll find a selection of recently completed use cases.<br><br><a href=\"http:\/\/linkaz.com\/wp-content\/uploads\/2024\/11\/Air-Squad.pdf\" data-type=\"URL\" data-id=\"http:\/\/linkaz.com\/wp-content\/uploads\/2024\/11\/Air-Squad.pdf\" target=\"_blank\" rel=\"noreferrer noopener\">Squad<\/a> \u2014 <a rel=\"noreferrer noopener\" href=\"http:\/\/linkaz.com\/wp-content\/uploads\/2024\/10\/CegedimSante.pdf\" data-type=\"URL\" data-id=\"http:\/\/linkaz.com\/wp-content\/uploads\/2024\/10\/CegedimSante.pdf\" target=\"_blank\">Cegedim sant\u00e9<\/a> \u2014 <a rel=\"noreferrer noopener\" href=\"http:\/\/linkaz.com\/wp-content\/uploads\/2024\/10\/creditmutuel.pdf\" data-type=\"URL\" data-id=\"http:\/\/linkaz.com\/wp-content\/uploads\/2024\/10\/creditmutuel.pdf\" target=\"_blank\">Credit mutuel (user test)<\/a> \u2014 <a rel=\"noreferrer noopener\" href=\"http:\/\/linkaz.com\/wp-content\/uploads\/2024\/09\/beev.pdf\" data-type=\"URL\" data-id=\"http:\/\/linkaz.com\/wp-content\/uploads\/2024\/09\/beev.pdf\" target=\"_blank\">Beev<\/a> \u2014 <a rel=\"noreferrer noopener\" href=\"http:\/\/linkaz.com\/wp-content\/uploads\/2024\/09\/meero-uk.pdf\" data-type=\"URL\" data-id=\"http:\/\/linkaz.com\/wp-content\/uploads\/2024\/09\/meero-uk.pdf\" target=\"_blank\">Meero<\/a> \u2014 <a href=\"http:\/\/linkaz.com\/wp-content\/uploads\/2024\/09\/netwo.pdf\" data-type=\"URL\" data-id=\"http:\/\/linkaz.com\/wp-content\/uploads\/2024\/09\/netwo.pdf\">Netwo<\/a> \u2014 <a rel=\"noreferrer noopener\" href=\"http:\/\/linkaz.com\/wp-content\/uploads\/2024\/09\/tennaxia.pdf\" target=\"_blank\">Tennaxia<\/a><\/p>\n\n\n\n<p><\/p>\n\n\n\n<p><br><\/p>\n","protected":false},"excerpt":{"rendered":"<p>Dans cette rubrique vous pourrez trouver diff\u00e9rents use cases r\u00e9alis\u00e9s r\u00e9\u00e7emment&#8211;In this section you&#8217;ll find a selection of recently completed use cases. Squad \u2014 Cegedim sant\u00e9 \u2014 Credit mutuel (user test) \u2014 Beev \u2014 Meero \u2014 Netwo \u2014 Tennaxia<\/p>\n","protected":false},"author":1,"featured_media":0,"parent":0,"menu_order":0,"comment_status":"closed","ping_status":"closed","template":"","meta":[],"_links":{"self":[{"href":"https:\/\/linkaz.com\/index.php\/wp-json\/wp\/v2\/pages\/1039"}],"collection":[{"href":"https:\/\/linkaz.com\/index.php\/wp-json\/wp\/v2\/pages"}],"about":[{"href":"https:\/\/linkaz.com\/index.php\/wp-json\/wp\/v2\/types\/page"}],"author":[{"embeddable":true,"href":"https:\/\/linkaz.com\/index.php\/wp-json\/wp\/v2\/users\/1"}],"replies":[{"embeddable":true,"href":"https:\/\/linkaz.com\/index.php\/wp-json\/wp\/v2\/comments?post=1039"}],"version-history":[{"count":37,"href":"https:\/\/linkaz.com\/index.php\/wp-json\/wp\/v2\/pages\/1039\/revisions"}],"predecessor-version":[{"id":1140,"href":"https:\/\/linkaz.com\/index.php\/wp-json\/wp\/v2\/pages\/1039\/revisions\/1140"}],"wp:attachment":[{"href":"https:\/\/linkaz.com\/index.php\/wp-json\/wp\/v2\/media?parent=1039"}],"curies":[{"name":"wp","href":"https:\/\/api.w.org\/{rel}","templated":true}]}}